{"id":57,"date":"2024-04-25T21:18:59","date_gmt":"2024-04-25T21:18:59","guid":{"rendered":"https:\/\/888starzbet.net\/fr\/?page_id=57"},"modified":"2025-09-26T16:12:49","modified_gmt":"2025-09-26T16:12:49","slug":"paiement","status":"publish","type":"page","link":"https:\/\/888starzbet.net\/fr\/paiement\/","title":{"rendered":"M\u00e9thodes De Paiement"},"content":{"rendered":"\n<p><\/p>\n\n\n\n<p class=\"has-text-align-center\"><strong><a class=\"maxbutton-1 maxbutton maxbutton-registration\" target=\"_blank\" rel=\"noopener\" href=\"https:\/\/bonusme.fun\/L?tag=d_2611435m_49267c_uzreg&amp;site=2611435&amp;ad=49267\"><span class='mb-text'>Inscription<\/span><\/a><\/strong><\/p>\n\n\n\n<p><\/p>\n\n\n\n<p><\/p>\n\n\n\n<h1 class=\"wp-block-heading\">M\u00e9thodes De Paiement 888Starz&nbsp;<\/h1>\n\n\n\n<p>Sur 888Starz, effectuer un d\u00e9p\u00f4t ou un retrait est une proc\u00e9dure rapide, intuitive et totalement s\u00e9curis\u00e9e. La plateforme s\u2019adresse \u00e0 un large public, y compris aux joueurs francophones, en offrant une grande vari\u00e9t\u00e9 de moyens de paiement adapt\u00e9s aux besoins modernes : cartes bancaires, portefeuilles \u00e9lectroniques, cryptomonnaies, transferts mobiles, et bien plus encore.<\/p>\n\n\n\n<h2 class=\"wp-block-heading\">D\u00e9p\u00f4ts Simples Et Instantan\u00e9s<\/h2>\n\n\n\n<p>Les d\u00e9p\u00f4ts sur 888Starz sont trait\u00e9s instantan\u00e9ment, sans frais cach\u00e9s. Que vous utilisiez votre t\u00e9l\u00e9phone ou un ordinateur, il vous suffit de vous connecter \u00e0 votre compte, d\u2019acc\u00e9der \u00e0 la section \u201cPaiements\u201d, et de choisir votre m\u00e9thode pr\u00e9f\u00e9r\u00e9e.<\/p>\n\n\n\n<p>Voici les principales options disponibles pour les joueurs :<br>&#8211; Cartes bancaires (Visa, Mastercard) : accept\u00e9es dans la majorit\u00e9 des pays europ\u00e9ens. D\u00e9p\u00f4t minimum : 10 \u20ac.<br>&#8211; Portefeuilles \u00e9lectroniques : comme Skrill, Neteller, ecoPayz \u2014 populaires pour leur rapidit\u00e9.<br>&#8211; Cryptomonnaies : Bitcoin, Ethereum, Litecoin, Tether\u2026 la plateforme prend en charge plus de 25 crypto-actifs, une raret\u00e9 dans le monde du pari.<br>&#8211; Paiements mobiles : disponibles selon la localisation (comme Apple Pay ou des services locaux).<br>&#8211; Virements bancaires : une option plus classique, mais qui reste possible sur demande.<\/p>\n\n\n\n<p>Le processus est enti\u00e8rement s\u00e9curis\u00e9 gr\u00e2ce \u00e0 un syst\u00e8me de chiffrement de haut niveau, garantissant la confidentialit\u00e9 des donn\u00e9es.<\/p>\n\n\n\n<h2 class=\"wp-block-heading\">Retraits Rapides Et Fiables<\/h2>\n\n\n\n<p>L\u2019un des grands avantages de 888Starz, c\u2019est la rapidit\u00e9 des retraits. Contrairement \u00e0 d\u2019autres plateformes qui imposent des d\u00e9lais longs, ici les transactions sont g\u00e9n\u00e9ralement trait\u00e9es dans les 24 \u00e0 48 heures maximum \u2014 et souvent plus rapidement avec les portefeuilles \u00e9lectroniques ou les cryptos.<\/p>\n\n\n\n<p>Quelques \u00e9l\u00e9ments \u00e0 retenir :<br>&#8211; Vous devez effectuer votre retrait via la m\u00eame m\u00e9thode que celle utilis\u00e9e pour le d\u00e9p\u00f4t, dans la majorit\u00e9 des cas.<br>&#8211; Un processus de v\u00e9rification du compte peut \u00eatre demand\u00e9 avant le premier retrait (copie d\u2019identit\u00e9, preuve de r\u00e9sidence).<br>&#8211; Aucun frais n\u2019est pr\u00e9lev\u00e9 par 888Starz pour les retraits, sauf exception selon la m\u00e9thode choisie.<\/p>\n\n\n\n<p>Les montants minimum et maximum varient selon la m\u00e9thode, mais restent flexibles et accessibles, m\u00eame pour les joueurs occasionnels.<\/p>\n\n\n\n<h2 class=\"wp-block-heading\">Gestion Mobile Des Paiements<\/h2>\n\n\n\n<p>Avec l\u2019application mobile 888Starz, la gestion des d\u00e9p\u00f4ts et retraits est encore plus facile. Vous pouvez :<br>&#8211; Ajouter ou modifier vos m\u00e9thodes de paiement,<br>&#8211; Suivre votre historique de transactions en temps r\u00e9el,<br>&#8211; Recevoir des notifications de confirmation d\u00e8s que les fonds sont transf\u00e9r\u00e9s.<\/p>\n\n\n\n<p>Tout cela est accessible en quelques clics depuis votre smartphone, que vous utilisiez Android ou iOS.<\/p>\n\n\n\n<h2 class=\"wp-block-heading\">Une Plateforme Pens\u00e9e Pour Le Joueur Moderne<\/h2>\n\n\n\n<p>En combinant s\u00e9curit\u00e9, rapidit\u00e9, et diversit\u00e9 des options, 888Starz offre un environnement de jeu fiable o\u00f9 les joueurs peuvent se concentrer sur l\u2019essentiel : jouer, parier, et retirer leurs gains sans stress.<\/p>\n\n\n\n<p>Peu importe votre m\u00e9thode pr\u00e9f\u00e9r\u00e9e, vous trouverez sur 888Starz une solution adapt\u00e9e, transparente et performante.<\/p>\n","protected":false},"excerpt":{"rendered":"<p>M\u00e9thodes De Paiement 888Starz&nbsp; Sur 888Starz, effectuer un d\u00e9p\u00f4t ou un retrait est une proc\u00e9dure rapide, intuitive et totalement s\u00e9curis\u00e9e. [&hellip;]<\/p>\n","protected":false},"author":1,"featured_media":0,"parent":0,"menu_order":0,"comment_status":"closed","ping_status":"closed","template":"","meta":{"site-sidebar-layout":"default","site-content-layout":"","ast-site-content-layout":"","site-content-style":"default","site-sidebar-style":"default","ast-global-header-display":"","ast-banner-title-visibility":"","ast-main-header-display":"","ast-hfb-above-header-display":"","ast-hfb-below-header-display":"","ast-hfb-mobile-header-display":"","site-post-title":"disabled","ast-breadcrumbs-content":"","ast-featured-img":"","footer-sml-layout":"","theme-transparent-header-meta":"","adv-header-id-meta":"","stick-header-meta":"","header-above-stick-meta":"","header-main-stick-meta":"","header-below-stick-meta":"","astra-migrate-meta-layouts":"default","ast-page-background-enabled":"default","ast-page-background-meta":{"desktop":{"background-color":"var(--ast-global-color-4)","background-image":"","background-repeat":"repeat","background-position":"center center","background-size":"auto","background-attachment":"scroll","background-type":"","background-media":"","overlay-type":"","overlay-color":"","overlay-opacity":"","overlay-gradient":""},"tablet":{"background-color":"","background-image":"","background-repeat":"repeat","background-position":"center center","background-size":"auto","background-attachment":"scroll","background-type":"","background-media":"","overlay-type":"","overlay-color":"","overlay-opacity":"","overlay-gradient":""},"mobile":{"background-color":"","background-image":"","background-repeat":"repeat","background-position":"center center","background-size":"auto","background-attachment":"scroll","background-type":"","background-media":"","overlay-type":"","overlay-color":"","overlay-opacity":"","overlay-gradient":""}},"ast-content-background-meta":{"desktop":{"background-color":"var(--ast-global-color-5)","background-image":"","background-repeat":"repeat","background-position":"center center","background-size":"auto","background-attachment":"scroll","background-type":"","background-media":"","overlay-type":"","overlay-color":"","overlay-opacity":"","overlay-gradient":""},"tablet":{"background-color":"var(--ast-global-color-5)","background-image":"","background-repeat":"repeat","background-position":"center center","background-size":"auto","background-attachment":"scroll","background-type":"","background-media":"","overlay-type":"","overlay-color":"","overlay-opacity":"","overlay-gradient":""},"mobile":{"background-color":"var(--ast-global-color-5)","background-image":"","background-repeat":"repeat","background-position":"center center","background-size":"auto","background-attachment":"scroll","background-type":"","background-media":"","overlay-type":"","overlay-color":"","overlay-opacity":"","overlay-gradient":""}},"footnotes":""},"class_list":["post-57","page","type-page","status-publish","hentry"],"yoast_head":"<!-- This site is optimized with the Yoast SEO plugin v23.3 - https:\/\/yoast.com\/wordpress\/plugins\/seo\/ -->\n<title>888Starz M\u00e9thodes De Paiement \u2013 D\u00e9p\u00f4ts En Toute S\u00e9curit\u00e9<\/title>\n<meta name=\"robots\" content=\"index, follow, max-snippet:-1, max-image-preview:large, max-video-preview:-1\" \/>\n<link rel=\"canonical\" href=\"https:\/\/888starzbet.net\/fr\/paiement\/\" \/>\n<meta property=\"og:locale\" content=\"fr_FR\" \/>\n<meta property=\"og:type\" content=\"article\" \/>\n<meta property=\"og:title\" content=\"888Starz M\u00e9thodes De Paiement \u2013 D\u00e9p\u00f4ts En Toute S\u00e9curit\u00e9\" \/>\n<meta property=\"og:description\" content=\"M\u00e9thodes De Paiement 888Starz&nbsp; Sur 888Starz, effectuer un d\u00e9p\u00f4t ou un retrait est une proc\u00e9dure rapide, intuitive et totalement s\u00e9curis\u00e9e. [&hellip;]\" \/>\n<meta property=\"og:url\" content=\"https:\/\/888starzbet.net\/fr\/paiement\/\" \/>\n<meta property=\"og:site_name\" content=\"FR\" \/>\n<meta property=\"article:modified_time\" content=\"2025-09-26T16:12:49+00:00\" \/>\n<meta name=\"twitter:card\" content=\"summary_large_image\" \/>\n<meta name=\"twitter:label1\" content=\"Dur\u00e9e de lecture estim\u00e9e\" \/>\n\t<meta name=\"twitter:data1\" content=\"3 minutes\" \/>\n<script type=\"application\/ld+json\" class=\"yoast-schema-graph\">{\"@context\":\"https:\/\/schema.org\",\"@graph\":[{\"@type\":\"WebPage\",\"@id\":\"https:\/\/888starzbet.net\/fr\/paiement\/\",\"url\":\"https:\/\/888starzbet.net\/fr\/paiement\/\",\"name\":\"888Starz M\u00e9thodes De Paiement \u2013 D\u00e9p\u00f4ts En Toute S\u00e9curit\u00e9\",\"isPartOf\":{\"@id\":\"https:\/\/888starzbet.net\/fr\/#website\"},\"datePublished\":\"2024-04-25T21:18:59+00:00\",\"dateModified\":\"2025-09-26T16:12:49+00:00\",\"breadcrumb\":{\"@id\":\"https:\/\/888starzbet.net\/fr\/paiement\/#breadcrumb\"},\"inLanguage\":\"fr-FR\",\"potentialAction\":[{\"@type\":\"ReadAction\",\"target\":[\"https:\/\/888starzbet.net\/fr\/paiement\/\"]}]},{\"@type\":\"BreadcrumbList\",\"@id\":\"https:\/\/888starzbet.net\/fr\/paiement\/#breadcrumb\",\"itemListElement\":[{\"@type\":\"ListItem\",\"position\":1,\"name\":\"Home\",\"item\":\"https:\/\/888starzbet.net\/fr\/\"},{\"@type\":\"ListItem\",\"position\":2,\"name\":\"M\u00e9thodes De Paiement\"}]},{\"@type\":\"WebSite\",\"@id\":\"https:\/\/888starzbet.net\/fr\/#website\",\"url\":\"https:\/\/888starzbet.net\/fr\/\",\"name\":\"FR\",\"description\":\"\",\"publisher\":{\"@id\":\"https:\/\/888starzbet.net\/fr\/#organization\"},\"potentialAction\":[{\"@type\":\"SearchAction\",\"target\":{\"@type\":\"EntryPoint\",\"urlTemplate\":\"https:\/\/888starzbet.net\/fr\/?s={search_term_string}\"},\"query-input\":\"required name=search_term_string\"}],\"inLanguage\":\"fr-FR\"},{\"@type\":\"Organization\",\"@id\":\"https:\/\/888starzbet.net\/fr\/#organization\",\"name\":\"FR\",\"url\":\"https:\/\/888starzbet.net\/fr\/\",\"logo\":{\"@type\":\"ImageObject\",\"inLanguage\":\"fr-FR\",\"@id\":\"https:\/\/888starzbet.net\/fr\/#\/schema\/logo\/image\/\",\"url\":\"https:\/\/888starzbet.net\/fr\/wp-content\/uploads\/sites\/2\/2024\/04\/logo.webp\",\"contentUrl\":\"https:\/\/888starzbet.net\/fr\/wp-content\/uploads\/sites\/2\/2024\/04\/logo.webp\",\"width\":765,\"height\":227,\"caption\":\"FR\"},\"image\":{\"@id\":\"https:\/\/888starzbet.net\/fr\/#\/schema\/logo\/image\/\"}}]}<\/script>\n<!-- \/ Yoast SEO plugin. -->","yoast_head_json":{"title":"888Starz M\u00e9thodes De Paiement \u2013 D\u00e9p\u00f4ts En Toute S\u00e9curit\u00e9","robots":{"index":"index","follow":"follow","max-snippet":"max-snippet:-1","max-image-preview":"max-image-preview:large","max-video-preview":"max-video-preview:-1"},"canonical":"https:\/\/888starzbet.net\/fr\/paiement\/","og_locale":"fr_FR","og_type":"article","og_title":"888Starz M\u00e9thodes De Paiement \u2013 D\u00e9p\u00f4ts En Toute S\u00e9curit\u00e9","og_description":"M\u00e9thodes De Paiement 888Starz&nbsp; Sur 888Starz, effectuer un d\u00e9p\u00f4t ou un retrait est une proc\u00e9dure rapide, intuitive et totalement s\u00e9curis\u00e9e. [&hellip;]","og_url":"https:\/\/888starzbet.net\/fr\/paiement\/","og_site_name":"FR","article_modified_time":"2025-09-26T16:12:49+00:00","twitter_card":"summary_large_image","twitter_misc":{"Dur\u00e9e de lecture estim\u00e9e":"3 minutes"},"schema":{"@context":"https:\/\/schema.org","@graph":[{"@type":"WebPage","@id":"https:\/\/888starzbet.net\/fr\/paiement\/","url":"https:\/\/888starzbet.net\/fr\/paiement\/","name":"888Starz M\u00e9thodes De Paiement \u2013 D\u00e9p\u00f4ts En Toute S\u00e9curit\u00e9","isPartOf":{"@id":"https:\/\/888starzbet.net\/fr\/#website"},"datePublished":"2024-04-25T21:18:59+00:00","dateModified":"2025-09-26T16:12:49+00:00","breadcrumb":{"@id":"https:\/\/888starzbet.net\/fr\/paiement\/#breadcrumb"},"inLanguage":"fr-FR","potentialAction":[{"@type":"ReadAction","target":["https:\/\/888starzbet.net\/fr\/paiement\/"]}]},{"@type":"BreadcrumbList","@id":"https:\/\/888starzbet.net\/fr\/paiement\/#breadcrumb","itemListElement":[{"@type":"ListItem","position":1,"name":"Home","item":"https:\/\/888starzbet.net\/fr\/"},{"@type":"ListItem","position":2,"name":"M\u00e9thodes De Paiement"}]},{"@type":"WebSite","@id":"https:\/\/888starzbet.net\/fr\/#website","url":"https:\/\/888starzbet.net\/fr\/","name":"FR","description":"","publisher":{"@id":"https:\/\/888starzbet.net\/fr\/#organization"},"potentialAction":[{"@type":"SearchAction","target":{"@type":"EntryPoint","urlTemplate":"https:\/\/888starzbet.net\/fr\/?s={search_term_string}"},"query-input":"required name=search_term_string"}],"inLanguage":"fr-FR"},{"@type":"Organization","@id":"https:\/\/888starzbet.net\/fr\/#organization","name":"FR","url":"https:\/\/888starzbet.net\/fr\/","logo":{"@type":"ImageObject","inLanguage":"fr-FR","@id":"https:\/\/888starzbet.net\/fr\/#\/schema\/logo\/image\/","url":"https:\/\/888starzbet.net\/fr\/wp-content\/uploads\/sites\/2\/2024\/04\/logo.webp","contentUrl":"https:\/\/888starzbet.net\/fr\/wp-content\/uploads\/sites\/2\/2024\/04\/logo.webp","width":765,"height":227,"caption":"FR"},"image":{"@id":"https:\/\/888starzbet.net\/fr\/#\/schema\/logo\/image\/"}}]}},"amp_enabled":true,"_links":{"self":[{"href":"https:\/\/888starzbet.net\/fr\/wp-json\/wp\/v2\/pages\/57"}],"collection":[{"href":"https:\/\/888starzbet.net\/fr\/wp-json\/wp\/v2\/pages"}],"about":[{"href":"https:\/\/888starzbet.net\/fr\/wp-json\/wp\/v2\/types\/page"}],"author":[{"embeddable":true,"href":"https:\/\/888starzbet.net\/fr\/wp-json\/wp\/v2\/users\/1"}],"replies":[{"embeddable":true,"href":"https:\/\/888starzbet.net\/fr\/wp-json\/wp\/v2\/comments?post=57"}],"version-history":[{"count":4,"href":"https:\/\/888starzbet.net\/fr\/wp-json\/wp\/v2\/pages\/57\/revisions"}],"predecessor-version":[{"id":102,"href":"https:\/\/888starzbet.net\/fr\/wp-json\/wp\/v2\/pages\/57\/revisions\/102"}],"wp:attachment":[{"href":"https:\/\/888starzbet.net\/fr\/wp-json\/wp\/v2\/media?parent=57"}],"curies":[{"name":"wp","href":"https:\/\/api.w.org\/{rel}","templated":true}]}}